{"id":8,"date":"2023-02-06T16:41:14","date_gmt":"2023-02-06T15:41:14","guid":{"rendered":"http:\/\/amis-claude-tillier.org\/?page_id=8"},"modified":"2023-02-14T19:35:45","modified_gmt":"2023-02-14T18:35:45","slug":"comment-adherer","status":"publish","type":"page","link":"https:\/\/amis-claude-tillier.org\/index.php\/comment-adherer\/","title":{"rendered":"Comment adh\u00e9rer"},"content":{"rendered":"\n<p><strong>Pour adh\u00e9rer \u00e0 l&rsquo;association :<\/strong><\/p>\n\n\n\n<p>Bulletin d&rsquo;adh\u00e9sion \u00e0 t\u00e9l\u00e9charger, \u00e0 imprimer et \u00e0 remplir &nbsp;:  <a href=\"https:\/\/amis-claude-tillier.org\/wp-content\/uploads\/2023\/02\/Bulletin-adhesion.pdf\">Bulletin d&rsquo;adh\u00e9sion<\/a><\/p>\n\n\n\n<p><strong>Tarif des cotisations 2023 :<\/strong><\/p>\n\n\n\n<p class=\"has-text-align-center\">17 \u20ac : adh\u00e9sion pour une personne sans cahier<\/p>\n\n\n\n<p class=\"has-text-align-center\">28 \u20ac : adh\u00e9sion pour un couple sans cahier<\/p>\n\n\n\n<p class=\"has-text-align-center\">20 \u20ac : adh\u00e9sion pour une personne avec cahier<\/p>\n\n\n\n<p class=\"has-text-align-center\">30 \u20ac : adh\u00e9sion pour un couple avec cahier<\/p>\n\n\n\n<p class=\"has-text-align-center\">35 \u20ac ou plus : adh\u00e9sion en tant que membre bienfaiteur<\/p>\n\n\n\n<p>Paiement par ch\u00e8que \u00e0 l&rsquo;ordre de l\u2019<strong>Association des Amis de Claude Tillier<\/strong>, envoyer votre r\u00e8glement avec le bulletin rempli \u00e0 l&rsquo;adresse de notre si\u00e8ge social\u00a0:<\/p>\n\n\n\n<p class=\"has-text-align-center\"><strong>Amis de Claude Tillier<\/strong><br><strong>M\u00e9diath\u00e8que Fran\u00e7ois Mitterrand<\/strong><br><strong>26 Rue Jean Jaur\u00e8s, <\/strong><br><strong>58500 Clamecy<\/strong><\/p>\n\n\n\n<p><\/p>\n","protected":false},"excerpt":{"rendered":"<p>Pour adh\u00e9rer \u00e0 l&rsquo;association : Bulletin d&rsquo;adh\u00e9sion \u00e0 t\u00e9l\u00e9charger, \u00e0 imprimer et \u00e0 remplir &nbsp;: Bulletin d&rsquo;adh\u00e9sion Tarif des cotisations 2023 : 17 \u20ac : adh\u00e9sion pour une personne sans cahier 28 \u20ac : adh\u00e9sion pour un couple sans cahier 20 \u20ac : adh\u00e9sion pour une personne avec cahier 30 \u20ac : adh\u00e9sion pour un couple avec cahier 35 \u20ac ou plus : adh\u00e9sion en tant que membre bienfaiteur Paiement par ch\u00e8que \u00e0 l&rsquo;ordre de l\u2019Association des Amis de Claude Tillier, envoyer votre r\u00e8glement avec le bulletin rempli \u00e0 l&rsquo;adresse de notre si\u00e8ge social\u00a0: Amis de Claude TillierM\u00e9diath\u00e8que Fran\u00e7ois Mitterrand26 Rue Jean Jaur\u00e8s, 58500 Clamecy<\/p>\n","protected":false},"author":1,"featured_media":0,"parent":0,"menu_order":0,"comment_status":"closed","ping_status":"closed","template":"","meta":{"footnotes":""},"class_list":["post-8","page","type-page","status-publish","hentry"],"_links":{"self":[{"href":"https:\/\/amis-claude-tillier.org\/index.php\/wp-json\/wp\/v2\/pages\/8","targetHints":{"allow":["GET"]}}],"collection":[{"href":"https:\/\/amis-claude-tillier.org\/index.php\/wp-json\/wp\/v2\/pages"}],"about":[{"href":"https:\/\/amis-claude-tillier.org\/index.php\/wp-json\/wp\/v2\/types\/page"}],"author":[{"embeddable":true,"href":"https:\/\/amis-claude-tillier.org\/index.php\/wp-json\/wp\/v2\/users\/1"}],"replies":[{"embeddable":true,"href":"https:\/\/amis-claude-tillier.org\/index.php\/wp-json\/wp\/v2\/comments?post=8"}],"version-history":[{"count":4,"href":"https:\/\/amis-claude-tillier.org\/index.php\/wp-json\/wp\/v2\/pages\/8\/revisions"}],"predecessor-version":[{"id":37,"href":"https:\/\/amis-claude-tillier.org\/index.php\/wp-json\/wp\/v2\/pages\/8\/revisions\/37"}],"wp:attachment":[{"href":"https:\/\/amis-claude-tillier.org\/index.php\/wp-json\/wp\/v2\/media?parent=8"}],"curies":[{"name":"wp","href":"https:\/\/api.w.org\/{rel}","templated":true}]}}