{"id":318,"date":"2023-06-26T16:17:51","date_gmt":"2023-06-26T14:17:51","guid":{"rendered":"https:\/\/amis-claude-tillier.org\/?page_id=318"},"modified":"2023-10-16T16:00:10","modified_gmt":"2023-10-16T14:00:10","slug":"activites-envisagees-pour-2023","status":"publish","type":"page","link":"https:\/\/amis-claude-tillier.org\/index.php\/activites-envisagees-pour-2023\/","title":{"rendered":"Activit\u00e9s en 2023"},"content":{"rendered":"\n<ul class=\"wp-block-list\">\n<li>Sortie culturelle le 3 juin : le projet retenu par la majorit\u00e9 des adh\u00e9rents qui ont r\u00e9pondu est la<br>sortie d&rsquo;une journ\u00e9e \u00e0 Bazoches autour de Vauban (ch\u00e2teau et mus\u00e9e) et \u00e0 Chastellux (visite du<br>ch\u00e2teau).<br><\/li>\n\n\n\n<li>Cahier n\u00b0 13, \u00e0 para\u00eetre en juin prochain : parmi les articles propos\u00e9s on note \u00ab Claude Tillier<br>soldat \u00bb et \u00ab L&rsquo;affaire Edme-Germain Rathery \u00bb par Andr\u00e9-Pierre Janneau , \u00ab Maurice Mar\u00e9chal<br>p\u00e8re du Canard Encha\u00een\u00e9 \u00bb, par Serge Bernard, \u00ab L&rsquo;\u00e2ge d&rsquo;or du pamphlet \u00bb, par Jean-No\u00ebl Gu\u00e9nard,<br>\u00ab Mathurin et Minxit \u00bb, (\u00e9tude compar\u00e9e du personnage d&rsquo;un roman de Gustave Flaubert et d&rsquo;un<br>personnage de Mon Oncle Benjamin), par Bernard Garnault, et \u00ab\u00a0Faut rigoler\u00a0\u00bb, texte de Chantal<br>Boulanger qui lui a valu le prix du pamphlet 2019.<br>Claudine Galmard, pr\u00e9sidente d&rsquo;honneur, n&rsquo;exclut pas la possibilit\u00e9 de proposer deux ou trois<br>articles si elle en a le temps, \u00e0 partir d&rsquo;avril 2023.<br>Elle a par ailleurs accept\u00e9 d&rsquo;animer une visite guid\u00e9e le 9 juin\u00ab Sur les pas de Claude<br>Tillier \u00bb \u00e0 la demande de l&rsquo;association Loisirs et Culture en Avallonnais.<br><\/li>\n\n\n\n<li>Contribution aux \u00ab dupinades \u00bb du 30 avril organis\u00e9es par la mairie de Varzy, sous forme de la<br>s\u00e9lection de pamphlets de Claude Tillier visant Dupin a\u00een\u00e9, et la proposition d&rsquo;une chansonnette<br>satirique sur l&rsquo;air de Cadet Roussel. Pami les festivit\u00e9s organis\u00e9es autour de Dupin, une pi\u00e8ce de<br>th\u00e9\u00e2tre d&rsquo;Herv\u00e9 Colin, de la Compagnie du Globe , \u00ab Myst\u00e8re Malardier \u00bb se jouera au ch\u00e2teau de<br>Varzy.<br><\/li>\n<\/ul>\n","protected":false},"excerpt":{"rendered":"","protected":false},"author":1,"featured_media":0,"parent":0,"menu_order":0,"comment_status":"closed","ping_status":"closed","template":"","meta":{"footnotes":""},"class_list":["post-318","page","type-page","status-publish","hentry"],"_links":{"self":[{"href":"https:\/\/amis-claude-tillier.org\/index.php\/wp-json\/wp\/v2\/pages\/318","targetHints":{"allow":["GET"]}}],"collection":[{"href":"https:\/\/amis-claude-tillier.org\/index.php\/wp-json\/wp\/v2\/pages"}],"about":[{"href":"https:\/\/amis-claude-tillier.org\/index.php\/wp-json\/wp\/v2\/types\/page"}],"author":[{"embeddable":true,"href":"https:\/\/amis-claude-tillier.org\/index.php\/wp-json\/wp\/v2\/users\/1"}],"replies":[{"embeddable":true,"href":"https:\/\/amis-claude-tillier.org\/index.php\/wp-json\/wp\/v2\/comments?post=318"}],"version-history":[{"count":3,"href":"https:\/\/amis-claude-tillier.org\/index.php\/wp-json\/wp\/v2\/pages\/318\/revisions"}],"predecessor-version":[{"id":381,"href":"https:\/\/amis-claude-tillier.org\/index.php\/wp-json\/wp\/v2\/pages\/318\/revisions\/381"}],"wp:attachment":[{"href":"https:\/\/amis-claude-tillier.org\/index.php\/wp-json\/wp\/v2\/media?parent=318"}],"curies":[{"name":"wp","href":"https:\/\/api.w.org\/{rel}","templated":true}]}}